{"id":4734,"date":"2025-12-17T11:46:14","date_gmt":"2025-12-17T11:46:14","guid":{"rendered":"https:\/\/inovacaopedagogica.iseclisboa.pt\/?page_id=4734"},"modified":"2026-02-03T11:22:57","modified_gmt":"2026-02-03T11:22:57","slug":"popp","status":"publish","type":"page","link":"https:\/\/inovacaopedagogica.iseclisboa.pt\/index.php\/popp\/","title":{"rendered":"POPP"},"content":{"rendered":"\t\t<div data-elementor-type=\"wp-page\" data-elementor-id=\"4734\" class=\"elementor elementor-4734\">\n\t\t\t\t<div class=\"elementor-element elementor-element-562eb9d e-flex e-con-boxed wpr-particle-no wpr-jarallax-no wpr-parallax-no wpr-sticky-section-no e-con e-parent\" data-id=\"562eb9d\" data-element_type=\"container\" data-e-type=\"container\" data-settings=\"{&quot;background_background&quot;:&quot;classic&quot;,&quot;shape_divider_bottom&quot;:&quot;waves&quot;}\">\n\t\t\t\t\t<div class=\"e-con-inner\">\n\t\t\t\t<div class=\"elementor-shape elementor-shape-bottom\" aria-hidden=\"true\" data-negative=\"false\">\n\t\t\t<svg xmlns=\"http:\/\/www.w3.org\/2000\/svg\" viewBox=\"0 0 1000 100\" preserveAspectRatio=\"none\">\n\t<path class=\"elementor-shape-fill\" d=\"M421.9,6.5c22.6-2.5,51.5,0.4,75.5,5.3c23.6,4.9,70.9,23.5,100.5,35.7c75.8,32.2,133.7,44.5,192.6,49.7\n\tc23.6,2.1,48.7,3.5,103.4-2.5c54.7-6,106.2-25.6,106.2-25.6V0H0v30.3c0,0,72,32.6,158.4,30.5c39.2-0.7,92.8-6.7,134-22.4\n\tc21.2-8.1,52.2-18.2,79.7-24.2C399.3,7.9,411.6,7.5,421.9,6.5z\"\/>\n<\/svg>\t\t<\/div>\n\t\t\t\t<div class=\"elementor-element elementor-element-f865663 elementor-widget elementor-widget-heading\" data-id=\"f865663\" data-element_type=\"widget\" data-e-type=\"widget\" data-widget_type=\"heading.default\">\n\t\t\t\t<div class=\"elementor-widget-container\">\n\t\t\t\t\t<h2 class=\"elementor-heading-title elementor-size-default\">Iniciativa POPP <\/h2>\t\t\t\t<\/div>\n\t\t\t\t<\/div>\n\t\t\t\t\t<\/div>\n\t\t\t\t<\/div>\n\t\t<div class=\"elementor-element elementor-element-56fe39b e-flex e-con-boxed wpr-particle-no wpr-jarallax-no wpr-parallax-no wpr-sticky-section-no e-con e-parent\" data-id=\"56fe39b\" data-element_type=\"container\" data-e-type=\"container\">\n\t\t\t\t\t<div class=\"e-con-inner\">\n\t\t<div class=\"elementor-element elementor-element-e237442 e-flex e-con-boxed wpr-particle-no wpr-jarallax-no wpr-parallax-no wpr-sticky-section-no elementor-invisible e-con e-child\" data-id=\"e237442\" data-element_type=\"container\" data-e-type=\"container\" data-settings=\"{&quot;animation&quot;:&quot;slideInLeft&quot;}\">\n\t\t\t\t\t<div class=\"e-con-inner\">\n\t\t\t\t<div class=\"elementor-element elementor-element-c4fae8e elementor-widget elementor-widget-image\" data-id=\"c4fae8e\" data-element_type=\"widget\" data-e-type=\"widget\" data-widget_type=\"image.default\">\n\t\t\t\t<div class=\"elementor-widget-container\">\n\t\t\t\t\t\t\t\t\t\t\t\t\t\t\t<img fetchpriority=\"high\" decoding=\"async\" width=\"2002\" height=\"1634\" src=\"https:\/\/inovacaopedagogica.iseclisboa.pt\/wp-content\/uploads\/2026\/01\/book_popp_3.png\" class=\"attachment-full size-full wp-image-4878\" alt=\"\" srcset=\"https:\/\/inovacaopedagogica.iseclisboa.pt\/wp-content\/uploads\/2026\/01\/book_popp_3.png 2002w, https:\/\/inovacaopedagogica.iseclisboa.pt\/wp-content\/uploads\/2026\/01\/book_popp_3-300x245.png 300w, https:\/\/inovacaopedagogica.iseclisboa.pt\/wp-content\/uploads\/2026\/01\/book_popp_3-1024x836.png 1024w, https:\/\/inovacaopedagogica.iseclisboa.pt\/wp-content\/uploads\/2026\/01\/book_popp_3-768x627.png 768w, https:\/\/inovacaopedagogica.iseclisboa.pt\/wp-content\/uploads\/2026\/01\/book_popp_3-1536x1254.png 1536w\" sizes=\"(max-width: 2002px) 100vw, 2002px\" \/>\t\t\t\t\t\t\t\t\t\t\t\t\t\t\t<\/div>\n\t\t\t\t<\/div>\n\t\t\t\t\t<\/div>\n\t\t\t\t<\/div>\n\t\t<div class=\"elementor-element elementor-element-cc60edd e-con-full e-flex wpr-particle-no wpr-sticky-section-no elementor-invisible e-con e-child\" data-id=\"cc60edd\" data-element_type=\"container\" data-e-type=\"container\" data-settings=\"{&quot;animation&quot;:&quot;slideInRight&quot;}\">\n\t\t\t\t<div class=\"elementor-element elementor-element-800fdbd wpr-dual-heading-icon-top elementor-widget elementor-widget-wpr-dual-color-heading\" data-id=\"800fdbd\" data-element_type=\"widget\" data-e-type=\"widget\" data-widget_type=\"wpr-dual-color-heading.default\">\n\t\t\t\t<div class=\"elementor-widget-container\">\n\t\t\t\t\t\t\t\t<div class=\"wpr-dual-heading-wrap\">\n\t\t\t\t<div class=\"wpr-dual-title-wrap\">\n\t\t\t\t\t<h2 class=\"wpr-dual-title\">\n\t\t\t\t\t\t\t\t\t\t\t<span class=\"first\">POPP - Pares para a Observa\u00e7\u00e3o de Pr\u00e1ticas Pedag\u00f3gicas<\/span>\n\t\t\t\t\t\t\t\t\t\t\n\t\t\t\t\t\t\t\t\t\t<\/h2>\n\t\t\t\t<\/div>\n\t\t\t\t\n\t\t\t\t\n\t\t\t\t\n\t\t\t<\/div>\n\t\t\t\t\t\t<\/div>\n\t\t\t\t<\/div>\n\t\t\t\t<div class=\"elementor-element elementor-element-9955877 elementor-widget elementor-widget-text-editor\" data-id=\"9955877\" data-element_type=\"widget\" data-e-type=\"widget\" data-widget_type=\"text-editor.default\">\n\t\t\t\t<div class=\"elementor-widget-container\">\n\t\t\t\t\t\t\t\t\t<p>A <strong>Iniciativa POPP \u2013 Pares para a Observa\u00e7\u00e3o de Pr\u00e1ticas Pedag\u00f3gicas<\/strong> \u00e9 um programa do ISEC Lisboa, desenvolvido ao abrigo do Projeto INOVEDU, que visa promover a melhoria cont\u00ednua das pr\u00e1ticas de ensino-aprendizagem atrav\u00e9s de um modelo estruturado de observa\u00e7\u00e3o entre pares. Este modelo organiza-se em <strong>trios de docentes<\/strong>, cada um integrando representantes das tr\u00eas Escolas do ISEC Lisboa, garantindo a diversidade cient\u00edfica e a pluralidade de perspetivas essenciais a um processo de an\u00e1lise e reflex\u00e3o pedag\u00f3gica robusto.<\/p><p>Em cada trio, os docentes assumem, de forma rotativa, os pap\u00e9is de <strong>observado<\/strong> e <strong>observador<\/strong>, o que favorece a reflex\u00e3o cr\u00edtica, a partilha de pr\u00e1ticas e a consolida\u00e7\u00e3o de comunidades de pr\u00e1tica colaborativas. A iniciativa enquadra-se na estrat\u00e9gia institucional de refor\u00e7o da inova\u00e7\u00e3o pedag\u00f3gica, da promo\u00e7\u00e3o de metodologias ativas e do desenvolvimento profissional docente, conforme definido no documento orientador POPP.<\/p><p>No \u00e2mbito da fase piloto, realizou-se uma sess\u00e3o de forma\u00e7\u00e3o no dia 21 de novembro de 2025, dinamizada pelo Coordenador do N\u00facleo de Inova\u00e7\u00e3o Pedag\u00f3gica, centrada nos princ\u00edpios da observa\u00e7\u00e3o entre pares, no enquadramento metodol\u00f3gico da iniciativa e no gui\u00e3o de observa\u00e7\u00e3o a utilizar. A fase piloto decorreu at\u00e9 ao final de janeiro de 2026, permitindo testar o modelo em contexto real.<\/p><p>Tendo por base os resultados desta fase, o ISEC Lisboa d\u00e1 agora in\u00edcio a <strong>uma nova fase da Iniciativa POPP<\/strong>, aberta a todos os docentes do ISEC Lisboa.<\/p><p>Participe nesta iniciativa e contribua ativamente para a melhoria das pr\u00e1ticas pedag\u00f3gicas e para o fortalecimento da cultura de colabora\u00e7\u00e3o no ISEC Lisboa.<\/p>\t\t\t\t\t\t\t\t<\/div>\n\t\t\t\t<\/div>\n\t\t<div class=\"elementor-element elementor-element-e08d3cd e-grid e-con-full wpr-particle-no wpr-jarallax-no wpr-parallax-no wpr-sticky-section-no e-con e-child\" data-id=\"e08d3cd\" data-element_type=\"container\" data-e-type=\"container\">\n\t\t<div class=\"elementor-element elementor-element-fb2fb9b e-con-full e-flex wpr-particle-no wpr-jarallax-no wpr-parallax-no wpr-sticky-section-no e-con e-child\" data-id=\"fb2fb9b\" data-element_type=\"container\" data-e-type=\"container\" data-settings=\"{&quot;background_background&quot;:&quot;classic&quot;}\">\n\t\t\t\t<div class=\"elementor-element elementor-element-2a8e85d elementor-widget elementor-widget-heading\" data-id=\"2a8e85d\" data-element_type=\"widget\" data-e-type=\"widget\" data-widget_type=\"heading.default\">\n\t\t\t\t<div class=\"elementor-widget-container\">\n\t\t\t\t\t<h2 class=\"elementor-heading-title elementor-size-default\">23<\/h2>\t\t\t\t<\/div>\n\t\t\t\t<\/div>\n\t\t\t\t<div class=\"elementor-element elementor-element-bfe8311 elementor-widget elementor-widget-heading\" data-id=\"bfe8311\" data-element_type=\"widget\" data-e-type=\"widget\" data-widget_type=\"heading.default\">\n\t\t\t\t<div class=\"elementor-widget-container\">\n\t\t\t\t\t<h2 class=\"elementor-heading-title elementor-size-default\">FEV'26<\/h2>\t\t\t\t<\/div>\n\t\t\t\t<\/div>\n\t\t\t\t<div class=\"elementor-element elementor-element-3ce305b elementor-widget elementor-widget-text-editor\" data-id=\"3ce305b\" data-element_type=\"widget\" data-e-type=\"widget\" data-widget_type=\"text-editor.default\">\n\t\t\t\t<div class=\"elementor-widget-container\">\n\t\t\t\t\t\t\t\t\t<p>Sess\u00e3o de Forma\u00e7\u00e3o da iniciativa POPP<\/p>\t\t\t\t\t\t\t\t<\/div>\n\t\t\t\t<\/div>\n\t\t\t\t<div class=\"elementor-element elementor-element-b62ea26 elementor-align-start elementor-icon-list--layout-traditional elementor-list-item-link-full_width elementor-widget elementor-widget-icon-list\" data-id=\"b62ea26\" data-element_type=\"widget\" data-e-type=\"widget\" data-widget_type=\"icon-list.default\">\n\t\t\t\t<div class=\"elementor-widget-container\">\n\t\t\t\t\t\t\t<ul class=\"elementor-icon-list-items\">\n\t\t\t\t\t\t\t<li class=\"elementor-icon-list-item\">\n\t\t\t\t\t\t\t\t\t\t\t<span class=\"elementor-icon-list-icon\">\n\t\t\t\t\t\t\t<svg aria-hidden=\"true\" class=\"e-font-icon-svg e-far-clock\" viewBox=\"0 0 512 512\" xmlns=\"http:\/\/www.w3.org\/2000\/svg\"><path d=\"M256 8C119 8 8 119 8 256s111 248 248 248 248-111 248-248S393 8 256 8zm0 448c-110.5 0-200-89.5-200-200S145.5 56 256 56s200 89.5 200 200-89.5 200-200 200zm61.8-104.4l-84.9-61.7c-3.1-2.3-4.9-5.9-4.9-9.7V116c0-6.6 5.4-12 12-12h32c6.6 0 12 5.4 12 12v141.7l66.8 48.6c5.4 3.9 6.5 11.4 2.6 16.8L334.6 349c-3.9 5.3-11.4 6.5-16.8 2.6z\"><\/path><\/svg>\t\t\t\t\t\t<\/span>\n\t\t\t\t\t\t\t\t\t\t<span class=\"elementor-icon-list-text\">16h30 \u00e0s 17h30<\/span>\n\t\t\t\t\t\t\t\t\t<\/li>\n\t\t\t\t\t\t\t\t<li class=\"elementor-icon-list-item\">\n\t\t\t\t\t\t\t\t\t\t\t<span class=\"elementor-icon-list-icon\">\n\t\t\t\t\t\t\t<svg aria-hidden=\"true\" class=\"e-font-icon-svg e-fas-map-marker-alt\" viewBox=\"0 0 384 512\" xmlns=\"http:\/\/www.w3.org\/2000\/svg\"><path d=\"M172.268 501.67C26.97 291.031 0 269.413 0 192 0 85.961 85.961 0 192 0s192 85.961 192 192c0 77.413-26.97 99.031-172.268 309.67-9.535 13.774-29.93 13.773-39.464 0zM192 272c44.183 0 80-35.817 80-80s-35.817-80-80-80-80 35.817-80 80 35.817 80 80 80z\"><\/path><\/svg>\t\t\t\t\t\t<\/span>\n\t\t\t\t\t\t\t\t\t\t<span class=\"elementor-icon-list-text\">ISEC Lisboa <\/span>\n\t\t\t\t\t\t\t\t\t<\/li>\n\t\t\t\t\t\t\t\t<li class=\"elementor-icon-list-item\">\n\t\t\t\t\t\t\t\t\t\t\t<span class=\"elementor-icon-list-icon\">\n\t\t\t\t\t\t\t<svg aria-hidden=\"true\" class=\"e-font-icon-svg e-fas-user-tie\" viewBox=\"0 0 448 512\" xmlns=\"http:\/\/www.w3.org\/2000\/svg\"><path d=\"M224 256c70.7 0 128-57.3 128-128S294.7 0 224 0 96 57.3 96 128s57.3 128 128 128zm95.8 32.6L272 480l-32-136 32-56h-96l32 56-32 136-47.8-191.4C56.9 292 0 350.3 0 422.4V464c0 26.5 21.5 48 48 48h352c26.5 0 48-21.5 48-48v-41.6c0-72.1-56.9-130.4-128.2-133.8z\"><\/path><\/svg>\t\t\t\t\t\t<\/span>\n\t\t\t\t\t\t\t\t\t\t<span class=\"elementor-icon-list-text\">Nuno Ricardo Oliveira<\/span>\n\t\t\t\t\t\t\t\t\t<\/li>\n\t\t\t\t\t\t<\/ul>\n\t\t\t\t\t\t<\/div>\n\t\t\t\t<\/div>\n\t\t\t\t<\/div>\n\t\t\t\t<\/div>\n\t\t<div class=\"elementor-element elementor-element-139515d e-con-full e-flex wpr-particle-no wpr-jarallax-no wpr-parallax-no wpr-sticky-section-no e-con e-child\" data-id=\"139515d\" data-element_type=\"container\" data-e-type=\"container\">\n\t\t\t\t<div class=\"elementor-element elementor-element-257357b elementor-widget__width-inherit wpr-button-icon-position-left elementor-widget-laptop__width-initial wpr-button-icon-style-inline elementor-widget elementor-widget-wpr-button\" data-id=\"257357b\" data-element_type=\"widget\" data-e-type=\"widget\" data-widget_type=\"wpr-button.default\">\n\t\t\t\t<div class=\"elementor-widget-container\">\n\t\t\t\t\t\t\n\t\t\t\n\t\t\n\t\t<div class=\"wpr-button-wrap elementor-clearfix\">\n\t\t<a class=\"wpr-button wpr-button-effect wpr-button-none\" data-text=\"\" href=\"https:\/\/docs.google.com\/forms\/d\/e\/1FAIpQLSdKYR2lmEpNxykKyeGWTubPXeTzhuEhxqcVwue0dUrPGKnlLQ\/viewform\" target=\"_blank\">\n\t\t\t\n\t\t\t<span class=\"wpr-button-content\">\n\t\t\t\t\t\t\t\t\t<span class=\"wpr-button-text\">Inscri\u00e7\u00e3o<\/span>\n\t\t\t\t\t\t\t\t\n\t\t\t\t\t\t\t\t\t<span class=\"wpr-button-icon\"><svg class=\"e-font-icon-svg e-far-calendar-check\" viewBox=\"0 0 448 512\" xmlns=\"http:\/\/www.w3.org\/2000\/svg\"><path d=\"M400 64h-48V12c0-6.627-5.373-12-12-12h-40c-6.627 0-12 5.373-12 12v52H160V12c0-6.627-5.373-12-12-12h-40c-6.627 0-12 5.373-12 12v52H48C21.49 64 0 85.49 0 112v352c0 26.51 21.49 48 48 48h352c26.51 0 48-21.49 48-48V112c0-26.51-21.49-48-48-48zm-6 400H54a6 6 0 0 1-6-6V160h352v298a6 6 0 0 1-6 6zm-52.849-200.65L198.842 404.519c-4.705 4.667-12.303 4.637-16.971-.068l-75.091-75.699c-4.667-4.705-4.637-12.303.068-16.971l22.719-22.536c4.705-4.667 12.303-4.637 16.97.069l44.104 44.461 111.072-110.181c4.705-4.667 12.303-4.637 16.971.068l22.536 22.718c4.667 4.705 4.636 12.303-.069 16.97z\"><\/path><\/svg><\/span>\n\t\t\t\t\t\t\t<\/span>\n\t\t<\/a>\n\n\t\t\t\t<\/div>\n\t\n\t\n\t\t\t\t\t<\/div>\n\t\t\t\t<\/div>\n\t\t\t\t<div class=\"elementor-element elementor-element-a35711c elementor-widget__width-inherit wpr-button-icon-position-left wpr-button-icon-style-inline elementor-widget elementor-widget-wpr-button\" data-id=\"a35711c\" data-element_type=\"widget\" data-e-type=\"widget\" data-widget_type=\"wpr-button.default\">\n\t\t\t\t<div class=\"elementor-widget-container\">\n\t\t\t\t\t\t\n\t\t\t\n\t\t\n\t\t<div class=\"wpr-button-wrap elementor-clearfix\">\n\t\t<a class=\"wpr-button wpr-button-effect wpr-button-none\" data-text=\"\" href=\"https:\/\/inovacaopedagogica.iseclisboa.pt\/wp-content\/uploads\/2026\/01\/POPP_ParesObservacaoPraticasPedagogicas.pdf\" target=\"_blank\">\n\t\t\t\n\t\t\t<span class=\"wpr-button-content\">\n\t\t\t\t\t\t\t\t\t<span class=\"wpr-button-text\">POPP - Pr\u00e1ticas Pedag\u00f3gicas<\/span>\n\t\t\t\t\t\t\t\t\n\t\t\t\t\t\t\t\t\t<span class=\"wpr-button-icon\"><svg class=\"e-font-icon-svg e-fas-file-download\" viewBox=\"0 0 384 512\" xmlns=\"http:\/\/www.w3.org\/2000\/svg\"><path d=\"M224 136V0H24C10.7 0 0 10.7 0 24v464c0 13.3 10.7 24 24 24h336c13.3 0 24-10.7 24-24V160H248c-13.2 0-24-10.8-24-24zm76.45 211.36l-96.42 95.7c-6.65 6.61-17.39 6.61-24.04 0l-96.42-95.7C73.42 337.29 80.54 320 94.82 320H160v-80c0-8.84 7.16-16 16-16h32c8.84 0 16 7.16 16 16v80h65.18c14.28 0 21.4 17.29 11.27 27.36zM377 105L279.1 7c-4.5-4.5-10.6-7-17-7H256v128h128v-6.1c0-6.3-2.5-12.4-7-16.9z\"><\/path><\/svg><\/span>\n\t\t\t\t\t\t\t<\/span>\n\t\t<\/a>\n\n\t\t\t\t<\/div>\n\t\n\t\n\t\t\t\t\t<\/div>\n\t\t\t\t<\/div>\n\t\t\t\t<\/div>\n\t\t\t\t<\/div>\n\t\t\t\t\t<\/div>\n\t\t\t\t<\/div>\n\t\t<div class=\"elementor-element elementor-element-5dd27bd e-con-full e-flex wpr-particle-no wpr-jarallax-no wpr-parallax-no wpr-sticky-section-no e-con e-parent\" data-id=\"5dd27bd\" data-element_type=\"container\" data-e-type=\"container\">\n\t\t<div class=\"elementor-element elementor-element-887ee3f e-flex e-con-boxed wpr-particle-no wpr-jarallax-no wpr-parallax-no wpr-sticky-section-no e-con e-child\" data-id=\"887ee3f\" data-element_type=\"container\" data-e-type=\"container\" data-settings=\"{&quot;background_background&quot;:&quot;classic&quot;}\">\n\t\t\t\t\t<div class=\"e-con-inner\">\n\t\t\t\t<div class=\"elementor-element elementor-element-3ef3092 elementor-widget elementor-widget-text-editor\" data-id=\"3ef3092\" data-element_type=\"widget\" data-e-type=\"widget\" data-widget_type=\"text-editor.default\">\n\t\t\t\t<div class=\"elementor-widget-container\">\n\t\t\t\t\t\t\t\t\t<div>O projeto &#8220;INOVEDU Inova\u00e7\u00e3o Pedag\u00f3gica &#8211; Projeto HEAD&#8221;, responde \u00e0 submedida\u00a0&#8220;Inova\u00e7\u00e3o e Moderniza\u00e7\u00e3o Pedag\u00f3gica no Ensino Superior &#8211; Promo\u00e7\u00e3o Sucesso e Redu\u00e7\u00e3o de Abandono Escolar no Ensino Superior&#8221;, no \u00e2mbito do \u201cInvestimento RE-C06-i07 | Impulso Mais Digital 04\/PRR\/2023\u201d.\u00a0O projeto \u00e9 levado a cabo por um cons\u00f3rcio das seguintes seis institui\u00e7\u00f5es de ensino superior: Universidade Lus\u00f3fona (UL); ISEC Lisboa \u2013 Instituto Superior de Educa\u00e7\u00e3o e Ci\u00eancias; Instituto Polit\u00e9cnico da Lusofonia (IPLuso); ISLA Gaia \u2013 Instituto Polit\u00e9cnico de Gest\u00e3o e Tecnologia; ISMAT \u2013 Instituto Superior Manuel Teixeira Gomes; e\u00a0ISLA Santar\u00e9m \u2014 Instituto Polit\u00e9cnico.<\/div><div>\u00a0<\/div>\t\t\t\t\t\t\t\t<\/div>\n\t\t\t\t<\/div>\n\t\t\t\t<div class=\"elementor-element elementor-element-b763a40 elementor-hidden-mobile elementor-widget elementor-widget-image\" data-id=\"b763a40\" data-element_type=\"widget\" data-e-type=\"widget\" data-widget_type=\"image.default\">\n\t\t\t\t<div class=\"elementor-widget-container\">\n\t\t\t\t\t\t\t\t\t\t\t\t\t\t\t<img decoding=\"async\" width=\"960\" height=\"89\" src=\"https:\/\/inovacaopedagogica.iseclisboa.pt\/wp-content\/uploads\/2025\/04\/BARRA_LOGOS-INOVEDU-1024x95.png\" class=\"attachment-large size-large wp-image-3828\" alt=\"\" srcset=\"https:\/\/inovacaopedagogica.iseclisboa.pt\/wp-content\/uploads\/2025\/04\/BARRA_LOGOS-INOVEDU-1024x95.png 1024w, https:\/\/inovacaopedagogica.iseclisboa.pt\/wp-content\/uploads\/2025\/04\/BARRA_LOGOS-INOVEDU-300x28.png 300w, https:\/\/inovacaopedagogica.iseclisboa.pt\/wp-content\/uploads\/2025\/04\/BARRA_LOGOS-INOVEDU-768x71.png 768w, https:\/\/inovacaopedagogica.iseclisboa.pt\/wp-content\/uploads\/2025\/04\/BARRA_LOGOS-INOVEDU-1536x143.png 1536w, https:\/\/inovacaopedagogica.iseclisboa.pt\/wp-content\/uploads\/2025\/04\/BARRA_LOGOS-INOVEDU-2048x190.png 2048w\" sizes=\"(max-width: 960px) 100vw, 960px\" \/>\t\t\t\t\t\t\t\t\t\t\t\t\t\t\t<\/div>\n\t\t\t\t<\/div>\n\t\t\t\t<div class=\"elementor-element elementor-element-6d609dc elementor-hidden-desktop elementor-hidden-laptop elementor-hidden-tablet elementor-widget elementor-widget-image\" data-id=\"6d609dc\" data-element_type=\"widget\" data-e-type=\"widget\" data-widget_type=\"image.default\">\n\t\t\t\t<div class=\"elementor-widget-container\">\n\t\t\t\t\t\t\t\t\t\t\t\t\t\t\t<img decoding=\"async\" width=\"960\" height=\"240\" src=\"https:\/\/inovacaopedagogica.iseclisboa.pt\/wp-content\/uploads\/2025\/07\/barra_inovedu_site-1024x256.png\" class=\"attachment-large size-large wp-image-4294\" alt=\"\" srcset=\"https:\/\/inovacaopedagogica.iseclisboa.pt\/wp-content\/uploads\/2025\/07\/barra_inovedu_site-1024x256.png 1024w, https:\/\/inovacaopedagogica.iseclisboa.pt\/wp-content\/uploads\/2025\/07\/barra_inovedu_site-300x75.png 300w, https:\/\/inovacaopedagogica.iseclisboa.pt\/wp-content\/uploads\/2025\/07\/barra_inovedu_site-768x192.png 768w, https:\/\/inovacaopedagogica.iseclisboa.pt\/wp-content\/uploads\/2025\/07\/barra_inovedu_site-1536x385.png 1536w, https:\/\/inovacaopedagogica.iseclisboa.pt\/wp-content\/uploads\/2025\/07\/barra_inovedu_site-2048x513.png 2048w\" sizes=\"(max-width: 960px) 100vw, 960px\" \/>\t\t\t\t\t\t\t\t\t\t\t\t\t\t\t<\/div>\n\t\t\t\t<\/div>\n\t\t\t\t<div class=\"elementor-element elementor-element-b9ef12c elementor-widget elementor-widget-text-editor\" data-id=\"b9ef12c\" data-element_type=\"widget\" data-e-type=\"widget\" data-widget_type=\"text-editor.default\">\n\t\t\t\t<div class=\"elementor-widget-container\">\n\t\t\t\t\t\t\t\t\t<div><strong><a href=\"https:\/\/recuperarportugal.gov.pt\/\" target=\"_blank\" rel=\"alternate noopener\">recuperarportugal.gov.pt<\/a><\/strong><\/div><div>\u00a0<\/div>\t\t\t\t\t\t\t\t<\/div>\n\t\t\t\t<\/div>\n\t\t\t\t\t<\/div>\n\t\t\t\t<\/div>\n\t\t\t\t<\/div>\n\t\t\t\t<\/div>\n\t\t","protected":false},"excerpt":{"rendered":"<p>Iniciativa POPP POPP &#8211; Pares para a Observa\u00e7\u00e3o de Pr\u00e1ticas Pedag\u00f3gicas A Iniciativa POPP \u2013 Pares para a Observa\u00e7\u00e3o de Pr\u00e1ticas Pedag\u00f3gicas \u00e9 um programa do ISEC Lisboa, desenvolvido ao abrigo do Projeto INOVEDU, que visa promover a melhoria cont\u00ednua das pr\u00e1ticas de ensino-aprendizagem atrav\u00e9s de um modelo estruturado de observa\u00e7\u00e3o entre pares. Este modelo organiza-se em trios de docentes, cada um integrando representantes das tr\u00eas Escolas do ISEC Lisboa, garantindo a diversidade cient\u00edfica e a pluralidade de perspetivas essenciais a um processo de an\u00e1lise e reflex\u00e3o pedag\u00f3gica robusto. Em cada trio, os docentes assumem, de forma rotativa, os pap\u00e9is de observado e observador, o que favorece a reflex\u00e3o cr\u00edtica, a partilha de pr\u00e1ticas e a consolida\u00e7\u00e3o de comunidades de pr\u00e1tica colaborativas. A iniciativa enquadra-se na estrat\u00e9gia institucional de refor\u00e7o da inova\u00e7\u00e3o pedag\u00f3gica, da promo\u00e7\u00e3o de metodologias ativas e do desenvolvimento profissional docente, conforme definido no documento orientador POPP. No \u00e2mbito da fase piloto, realizou-se uma sess\u00e3o de forma\u00e7\u00e3o no dia 21 de novembro de 2025, dinamizada pelo Coordenador do N\u00facleo de Inova\u00e7\u00e3o Pedag\u00f3gica, centrada nos princ\u00edpios da observa\u00e7\u00e3o entre pares, no enquadramento metodol\u00f3gico da iniciativa e no gui\u00e3o de observa\u00e7\u00e3o a utilizar. A fase piloto decorreu at\u00e9 ao final de janeiro de 2026, permitindo testar o modelo em contexto real. Tendo por base os resultados desta fase, o ISEC Lisboa d\u00e1 agora in\u00edcio a uma nova fase da Iniciativa POPP, aberta a todos os docentes do ISEC Lisboa. Participe nesta iniciativa e contribua ativamente para a melhoria das pr\u00e1ticas pedag\u00f3gicas e para o fortalecimento da cultura de colabora\u00e7\u00e3o no ISEC Lisboa. 23 FEV&#8217;26 Sess\u00e3o de Forma\u00e7\u00e3o da iniciativa POPP 16h30 \u00e0s 17h30 ISEC Lisboa Nuno Ricardo Oliveira Inscri\u00e7\u00e3o POPP &#8211; Pr\u00e1ticas Pedag\u00f3gicas O projeto &#8220;INOVEDU Inova\u00e7\u00e3o Pedag\u00f3gica &#8211; Projeto HEAD&#8221;, responde \u00e0 submedida\u00a0&#8220;Inova\u00e7\u00e3o e Moderniza\u00e7\u00e3o Pedag\u00f3gica no Ensino Superior &#8211; Promo\u00e7\u00e3o Sucesso e Redu\u00e7\u00e3o de Abandono Escolar no Ensino Superior&#8221;, no \u00e2mbito do \u201cInvestimento RE-C06-i07 | Impulso Mais Digital 04\/PRR\/2023\u201d.\u00a0O projeto \u00e9 levado a cabo por um cons\u00f3rcio das seguintes seis institui\u00e7\u00f5es de ensino superior: Universidade Lus\u00f3fona (UL); ISEC Lisboa \u2013 Instituto Superior de Educa\u00e7\u00e3o e Ci\u00eancias; Instituto Polit\u00e9cnico da Lusofonia (IPLuso); ISLA Gaia \u2013 Instituto Polit\u00e9cnico de Gest\u00e3o e Tecnologia; ISMAT \u2013 Instituto Superior Manuel Teixeira Gomes; e\u00a0ISLA Santar\u00e9m \u2014 Instituto Polit\u00e9cnico.\u00a0 recuperarportugal.gov.pt\u00a0<\/p>\n","protected":false},"author":2,"featured_media":0,"parent":0,"menu_order":0,"comment_status":"closed","ping_status":"closed","template":"elementor_canvas","meta":{"footnotes":""},"class_list":["post-4734","page","type-page","status-publish","hentry"],"_links":{"self":[{"href":"https:\/\/inovacaopedagogica.iseclisboa.pt\/index.php\/wp-json\/wp\/v2\/pages\/4734","targetHints":{"allow":["GET"]}}],"collection":[{"href":"https:\/\/inovacaopedagogica.iseclisboa.pt\/index.php\/wp-json\/wp\/v2\/pages"}],"about":[{"href":"https:\/\/inovacaopedagogica.iseclisboa.pt\/index.php\/wp-json\/wp\/v2\/types\/page"}],"author":[{"embeddable":true,"href":"https:\/\/inovacaopedagogica.iseclisboa.pt\/index.php\/wp-json\/wp\/v2\/users\/2"}],"replies":[{"embeddable":true,"href":"https:\/\/inovacaopedagogica.iseclisboa.pt\/index.php\/wp-json\/wp\/v2\/comments?post=4734"}],"version-history":[{"count":39,"href":"https:\/\/inovacaopedagogica.iseclisboa.pt\/index.php\/wp-json\/wp\/v2\/pages\/4734\/revisions"}],"predecessor-version":[{"id":5012,"href":"https:\/\/inovacaopedagogica.iseclisboa.pt\/index.php\/wp-json\/wp\/v2\/pages\/4734\/revisions\/5012"}],"wp:attachment":[{"href":"https:\/\/inovacaopedagogica.iseclisboa.pt\/index.php\/wp-json\/wp\/v2\/media?parent=4734"}],"curies":[{"name":"wp","href":"https:\/\/api.w.org\/{rel}","templated":true}]}}