{"id":1672,"date":"2024-10-18T11:34:50","date_gmt":"2024-10-18T11:34:50","guid":{"rendered":"https:\/\/inovacaopedagogica.iseclisboa.pt\/?page_id=1672"},"modified":"2026-04-07T15:10:17","modified_gmt":"2026-04-07T15:10:17","slug":"ferramentas-digitais","status":"publish","type":"page","link":"https:\/\/inovacaopedagogica.iseclisboa.pt\/index.php\/ferramentas-digitais\/","title":{"rendered":"Ferramentas Digitais"},"content":{"rendered":"\t\t<div data-elementor-type=\"wp-page\" data-elementor-id=\"1672\" class=\"elementor elementor-1672\">\n\t\t\t\t<div class=\"elementor-element elementor-element-562eb9d e-flex e-con-boxed wpr-particle-no wpr-jarallax-no wpr-parallax-no wpr-sticky-section-no e-con e-parent\" data-id=\"562eb9d\" data-element_type=\"container\" data-e-type=\"container\" data-settings=\"{&quot;background_background&quot;:&quot;classic&quot;,&quot;shape_divider_bottom&quot;:&quot;waves&quot;}\">\n\t\t\t\t\t<div class=\"e-con-inner\">\n\t\t\t\t<div class=\"elementor-shape elementor-shape-bottom\" aria-hidden=\"true\" data-negative=\"false\">\n\t\t\t<svg xmlns=\"http:\/\/www.w3.org\/2000\/svg\" viewBox=\"0 0 1000 100\" preserveAspectRatio=\"none\">\n\t<path class=\"elementor-shape-fill\" d=\"M421.9,6.5c22.6-2.5,51.5,0.4,75.5,5.3c23.6,4.9,70.9,23.5,100.5,35.7c75.8,32.2,133.7,44.5,192.6,49.7\n\tc23.6,2.1,48.7,3.5,103.4-2.5c54.7-6,106.2-25.6,106.2-25.6V0H0v30.3c0,0,72,32.6,158.4,30.5c39.2-0.7,92.8-6.7,134-22.4\n\tc21.2-8.1,52.2-18.2,79.7-24.2C399.3,7.9,411.6,7.5,421.9,6.5z\"\/>\n<\/svg>\t\t<\/div>\n\t\t\t\t<div class=\"elementor-element elementor-element-f865663 elementor-widget elementor-widget-heading\" data-id=\"f865663\" data-element_type=\"widget\" data-e-type=\"widget\" data-widget_type=\"heading.default\">\n\t\t\t\t<div class=\"elementor-widget-container\">\n\t\t\t\t\t<h2 class=\"elementor-heading-title elementor-size-default\">Ferramentas Digitais<\/h2>\t\t\t\t<\/div>\n\t\t\t\t<\/div>\n\t\t\t\t\t<\/div>\n\t\t\t\t<\/div>\n\t\t<div class=\"elementor-element elementor-element-af42d27 e-flex e-con-boxed wpr-particle-no wpr-jarallax-no wpr-parallax-no wpr-sticky-section-no e-con e-parent\" data-id=\"af42d27\" data-element_type=\"container\" data-e-type=\"container\">\n\t\t\t\t\t<div class=\"e-con-inner\">\n\t\t<div class=\"elementor-element elementor-element-01ffd7a e-grid e-con-full wpr-particle-no wpr-jarallax-no wpr-parallax-no wpr-sticky-section-no e-con e-child\" data-id=\"01ffd7a\" data-element_type=\"container\" data-e-type=\"container\">\n\t\t\t\t<div class=\"elementor-element elementor-element-744cd95 elementor-position-top elementor-invisible elementor-widget elementor-widget-image-box\" data-id=\"744cd95\" data-element_type=\"widget\" data-e-type=\"widget\" data-settings=\"{&quot;_animation&quot;:&quot;zoomIn&quot;,&quot;_animation_delay&quot;:300}\" data-widget_type=\"image-box.default\">\n\t\t\t\t<div class=\"elementor-widget-container\">\n\t\t\t\t\t<div class=\"elementor-image-box-wrapper\"><figure class=\"elementor-image-box-img\"><a href=\"https:\/\/inovacaopedagogica.iseclisboa.pt\/index.php\/questionarios-e-ferramentas-de-engagement\/\" tabindex=\"-1\"><img fetchpriority=\"high\" decoding=\"async\" width=\"1024\" height=\"1024\" src=\"https:\/\/inovacaopedagogica.iseclisboa.pt\/wp-content\/uploads\/2024\/10\/questionarios.png\" class=\"attachment-full size-full wp-image-2329\" alt=\"\" srcset=\"https:\/\/inovacaopedagogica.iseclisboa.pt\/wp-content\/uploads\/2024\/10\/questionarios.png 1024w, https:\/\/inovacaopedagogica.iseclisboa.pt\/wp-content\/uploads\/2024\/10\/questionarios-300x300.png 300w, https:\/\/inovacaopedagogica.iseclisboa.pt\/wp-content\/uploads\/2024\/10\/questionarios-150x150.png 150w, https:\/\/inovacaopedagogica.iseclisboa.pt\/wp-content\/uploads\/2024\/10\/questionarios-768x768.png 768w\" sizes=\"(max-width: 1024px) 100vw, 1024px\" \/><\/a><\/figure><div class=\"elementor-image-box-content\"><h3 class=\"elementor-image-box-title\"><a href=\"https:\/\/inovacaopedagogica.iseclisboa.pt\/index.php\/questionarios-e-ferramentas-de-engagement\/\">Question\u00e1rios<\/a><\/h3><p class=\"elementor-image-box-description\">Permitem criar apresenta\u00e7\u00f5es interativas e din\u00e2micas entre os docentes e os estudantes na aula.<\/p><\/div><\/div>\t\t\t\t<\/div>\n\t\t\t\t<\/div>\n\t\t\t\t<div class=\"elementor-element elementor-element-f229490 elementor-position-top elementor-invisible elementor-widget elementor-widget-image-box\" data-id=\"f229490\" data-element_type=\"widget\" data-e-type=\"widget\" data-settings=\"{&quot;_animation&quot;:&quot;zoomIn&quot;,&quot;_animation_delay&quot;:300}\" data-widget_type=\"image-box.default\">\n\t\t\t\t<div class=\"elementor-widget-container\">\n\t\t\t\t\t<div class=\"elementor-image-box-wrapper\"><figure class=\"elementor-image-box-img\"><a href=\"https:\/\/inovacaopedagogica.iseclisboa.pt\/index.php\/simuladores\/\" tabindex=\"-1\"><img decoding=\"async\" width=\"1024\" height=\"1024\" src=\"https:\/\/inovacaopedagogica.iseclisboa.pt\/wp-content\/uploads\/2024\/10\/simuladores.png\" class=\"attachment-full size-full wp-image-2358\" alt=\"\" srcset=\"https:\/\/inovacaopedagogica.iseclisboa.pt\/wp-content\/uploads\/2024\/10\/simuladores.png 1024w, https:\/\/inovacaopedagogica.iseclisboa.pt\/wp-content\/uploads\/2024\/10\/simuladores-300x300.png 300w, https:\/\/inovacaopedagogica.iseclisboa.pt\/wp-content\/uploads\/2024\/10\/simuladores-150x150.png 150w, https:\/\/inovacaopedagogica.iseclisboa.pt\/wp-content\/uploads\/2024\/10\/simuladores-768x768.png 768w\" sizes=\"(max-width: 1024px) 100vw, 1024px\" \/><\/a><\/figure><div class=\"elementor-image-box-content\"><h3 class=\"elementor-image-box-title\"><a href=\"https:\/\/inovacaopedagogica.iseclisboa.pt\/index.php\/simuladores\/\">Simuladores<\/a><\/h3><p class=\"elementor-image-box-description\">Permitem apresentar conte\u00fados complexos de forma visual, facilitando a compreens\u00e3o dos estudantes.<\/p><\/div><\/div>\t\t\t\t<\/div>\n\t\t\t\t<\/div>\n\t\t\t\t<div class=\"elementor-element elementor-element-53cb1ba elementor-position-top elementor-invisible elementor-widget elementor-widget-image-box\" data-id=\"53cb1ba\" data-element_type=\"widget\" data-e-type=\"widget\" data-settings=\"{&quot;_animation&quot;:&quot;zoomIn&quot;,&quot;_animation_delay&quot;:300}\" data-widget_type=\"image-box.default\">\n\t\t\t\t<div class=\"elementor-widget-container\">\n\t\t\t\t\t<div class=\"elementor-image-box-wrapper\"><figure class=\"elementor-image-box-img\"><a href=\"https:\/\/inovacaopedagogica.iseclisboa.pt\/index.php\/google-workspace\/\" tabindex=\"-1\"><img decoding=\"async\" width=\"136\" height=\"136\" src=\"https:\/\/inovacaopedagogica.iseclisboa.pt\/wp-content\/uploads\/2024\/10\/HiView-Solutions-Google-Workspace-Reseller.-Super-G-Icon-1.png\" class=\"attachment-full size-full wp-image-1581\" alt=\"\" \/><\/a><\/figure><div class=\"elementor-image-box-content\"><h3 class=\"elementor-image-box-title\"><a href=\"https:\/\/inovacaopedagogica.iseclisboa.pt\/index.php\/google-workspace\/\">Google Workspace<\/a><\/h3><p class=\"elementor-image-box-description\">Conjunto de ferramentas de colabora\u00e7\u00e3o e produtividade em nuvem.<\/p><\/div><\/div>\t\t\t\t<\/div>\n\t\t\t\t<\/div>\n\t\t\t\t<div class=\"elementor-element elementor-element-ee45849 elementor-position-top elementor-invisible elementor-widget elementor-widget-image-box\" data-id=\"ee45849\" data-element_type=\"widget\" data-e-type=\"widget\" data-settings=\"{&quot;_animation&quot;:&quot;zoomIn&quot;,&quot;_animation_delay&quot;:300}\" data-widget_type=\"image-box.default\">\n\t\t\t\t<div class=\"elementor-widget-container\">\n\t\t\t\t\t<div class=\"elementor-image-box-wrapper\"><figure class=\"elementor-image-box-img\"><a href=\"https:\/\/inovacaopedagogica.iseclisboa.pt\/index.php\/microsoft-teams\" tabindex=\"-1\"><img loading=\"lazy\" decoding=\"async\" width=\"198\" height=\"156\" src=\"https:\/\/inovacaopedagogica.iseclisboa.pt\/wp-content\/uploads\/2026\/04\/teams_logo.png\" class=\"attachment-full size-full wp-image-5139\" alt=\"\" \/><\/a><\/figure><div class=\"elementor-image-box-content\"><h3 class=\"elementor-image-box-title\"><a href=\"https:\/\/inovacaopedagogica.iseclisboa.pt\/index.php\/microsoft-teams\">Microsoft Teams<\/a><\/h3><p class=\"elementor-image-box-description\">Servi\u00e7o que disponibiliza um ambiente para a realiza\u00e7\u00e3o de aulas e reuni\u00f5es \u00e0 dist\u00e2ncia.<\/p><\/div><\/div>\t\t\t\t<\/div>\n\t\t\t\t<\/div>\n\t\t\t\t<\/div>\n\t\t\t\t\t<\/div>\n\t\t\t\t<\/div>\n\t\t<div class=\"elementor-element elementor-element-b984d36 e-flex e-con-boxed wpr-particle-no wpr-jarallax-no wpr-parallax-no wpr-sticky-section-no e-con e-parent\" data-id=\"b984d36\" data-element_type=\"container\" data-e-type=\"container\" data-settings=\"{&quot;background_background&quot;:&quot;classic&quot;}\">\n\t\t\t\t\t<div class=\"e-con-inner\">\n\t\t\t\t<div class=\"elementor-element elementor-element-264a288 elementor-widget elementor-widget-text-editor\" data-id=\"264a288\" data-element_type=\"widget\" data-e-type=\"widget\" data-widget_type=\"text-editor.default\">\n\t\t\t\t<div class=\"elementor-widget-container\">\n\t\t\t\t\t\t\t\t\t<p>No \u00e2mbito do Projeto de Combate ao abandono escolar no Ensino Superior.<\/p>\t\t\t\t\t\t\t\t<\/div>\n\t\t\t\t<\/div>\n\t\t\t\t<div class=\"elementor-element elementor-element-cbbfde8 elementor-widget elementor-widget-image\" data-id=\"cbbfde8\" data-element_type=\"widget\" data-e-type=\"widget\" data-widget_type=\"image.default\">\n\t\t\t\t<div class=\"elementor-widget-container\">\n\t\t\t\t\t\t\t\t\t\t\t\t\t\t\t<img loading=\"lazy\" decoding=\"async\" width=\"632\" height=\"143\" src=\"https:\/\/inovacaopedagogica.iseclisboa.pt\/wp-content\/uploads\/2025\/01\/logo3as.png\" class=\"attachment-large size-large wp-image-3157\" alt=\"\" srcset=\"https:\/\/inovacaopedagogica.iseclisboa.pt\/wp-content\/uploads\/2025\/01\/logo3as.png 632w, https:\/\/inovacaopedagogica.iseclisboa.pt\/wp-content\/uploads\/2025\/01\/logo3as-300x68.png 300w\" sizes=\"(max-width: 632px) 100vw, 632px\" \/>\t\t\t\t\t\t\t\t\t\t\t\t\t\t\t<\/div>\n\t\t\t\t<\/div>\n\t\t\t\t\t<\/div>\n\t\t\t\t<\/div>\n\t\t\t\t<\/div>\n\t\t","protected":false},"excerpt":{"rendered":"<p>Ferramentas Digitais Question\u00e1rios Permitem criar apresenta\u00e7\u00f5es interativas e din\u00e2micas entre os docentes e os estudantes na aula. Simuladores Permitem apresentar conte\u00fados complexos de forma visual, facilitando a compreens\u00e3o dos estudantes. Google Workspace Conjunto de ferramentas de colabora\u00e7\u00e3o e produtividade em nuvem. Microsoft Teams Servi\u00e7o que disponibiliza um ambiente para a realiza\u00e7\u00e3o de aulas e reuni\u00f5es \u00e0 dist\u00e2ncia. No \u00e2mbito do Projeto de Combate ao abandono escolar no Ensino Superior.<\/p>\n","protected":false},"author":2,"featured_media":0,"parent":0,"menu_order":0,"comment_status":"closed","ping_status":"closed","template":"elementor_canvas","meta":{"footnotes":""},"class_list":["post-1672","page","type-page","status-publish","hentry"],"_links":{"self":[{"href":"https:\/\/inovacaopedagogica.iseclisboa.pt\/index.php\/wp-json\/wp\/v2\/pages\/1672","targetHints":{"allow":["GET"]}}],"collection":[{"href":"https:\/\/inovacaopedagogica.iseclisboa.pt\/index.php\/wp-json\/wp\/v2\/pages"}],"about":[{"href":"https:\/\/inovacaopedagogica.iseclisboa.pt\/index.php\/wp-json\/wp\/v2\/types\/page"}],"author":[{"embeddable":true,"href":"https:\/\/inovacaopedagogica.iseclisboa.pt\/index.php\/wp-json\/wp\/v2\/users\/2"}],"replies":[{"embeddable":true,"href":"https:\/\/inovacaopedagogica.iseclisboa.pt\/index.php\/wp-json\/wp\/v2\/comments?post=1672"}],"version-history":[{"count":3,"href":"https:\/\/inovacaopedagogica.iseclisboa.pt\/index.php\/wp-json\/wp\/v2\/pages\/1672\/revisions"}],"predecessor-version":[{"id":5148,"href":"https:\/\/inovacaopedagogica.iseclisboa.pt\/index.php\/wp-json\/wp\/v2\/pages\/1672\/revisions\/5148"}],"wp:attachment":[{"href":"https:\/\/inovacaopedagogica.iseclisboa.pt\/index.php\/wp-json\/wp\/v2\/media?parent=1672"}],"curies":[{"name":"wp","href":"https:\/\/api.w.org\/{rel}","templated":true}]}}